{"id":28,"date":"2023-09-08T20:34:51","date_gmt":"2023-09-08T18:34:51","guid":{"rendered":"https:\/\/www.obradorabantos.com\/?page_id=28"},"modified":"2024-08-08T09:43:40","modified_gmt":"2024-08-08T07:43:40","slug":"blog-panaderias-san-lorenzo","status":"publish","type":"page","link":"https:\/\/www.obradorabantos.com\/en\/blog-panaderias-san-lorenzo\/","title":{"rendered":"Blog"},"content":{"rendered":"<div data-elementor-type=\"wp-page\" data-elementor-id=\"28\" class=\"elementor elementor-28\" data-elementor-post-type=\"page\">\n\t\t\t\t<div class=\"elementor-element elementor-element-a480c9d e-con-full e-flex e-con e-parent\" data-id=\"a480c9d\" data-element_type=\"container\" data-settings=\"{&quot;background_background&quot;:&quot;classic&quot;}\">\n\t\t<div class=\"elementor-element elementor-element-29da5d6 e-con-full e-flex e-con e-child\" data-id=\"29da5d6\" data-element_type=\"container\">\n\t\t\t\t<div class=\"elementor-element elementor-element-7005ebf elementor-widget elementor-widget-image\" data-id=\"7005ebf\" data-element_type=\"widget\" data-widget_type=\"image.default\">\n\t\t\t\t<div class=\"elementor-widget-container\">\n\t\t\t<style>\/*! elementor - v3.23.0 - 05-08-2024 *\/\n.elementor-widget-image{text-align:center}.elementor-widget-image a{display:inline-block}.elementor-widget-image a img[src$=\".svg\"]{width:48px}.elementor-widget-image img{vertical-align:middle;display:inline-block}<\/style>\t\t\t\t\t\t\t\t\t\t<img fetchpriority=\"high\" decoding=\"async\" width=\"850\" height=\"493\" src=\"https:\/\/www.obradorabantos.com\/wp-content\/uploads\/2024\/07\/blog-panaderias-san-lorenzo-ordenador.webp\" class=\"attachment-full size-full wp-image-2014\" alt=\"blog-panaderias-san-lorenzo-ordenador\" srcset=\"https:\/\/www.obradorabantos.com\/wp-content\/uploads\/2024\/07\/blog-panaderias-san-lorenzo-ordenador.webp 850w, https:\/\/www.obradorabantos.com\/wp-content\/uploads\/2024\/07\/blog-panaderias-san-lorenzo-ordenador-300x174.webp 300w, https:\/\/www.obradorabantos.com\/wp-content\/uploads\/2024\/07\/blog-panaderias-san-lorenzo-ordenador-768x445.webp 768w, https:\/\/www.obradorabantos.com\/wp-content\/uploads\/2024\/07\/blog-panaderias-san-lorenzo-ordenador-18x10.webp 18w\" sizes=\"(max-width: 850px) 100vw, 850px\" \/>\t\t\t\t\t\t\t\t\t\t\t\t\t<\/div>\n\t\t\t\t<\/div>\n\t\t\t\t<\/div>\n\t\t<div class=\"elementor-element elementor-element-016500b e-con-full e-flex e-con e-child\" data-id=\"016500b\" data-element_type=\"container\">\n\t\t\t\t<div class=\"elementor-element elementor-element-61daae2 elementor-widget-widescreen__width-initial elementor-widget elementor-widget-heading\" data-id=\"61daae2\" data-element_type=\"widget\" data-widget_type=\"heading.default\">\n\t\t\t\t<div class=\"elementor-widget-container\">\n\t\t\t<style>\/*! elementor - v3.23.0 - 05-08-2024 *\/\n.elementor-heading-title{padding:0;margin:0;line-height:1}.elementor-widget-heading .elementor-heading-title[class*=elementor-size-]>a{color:inherit;font-size:inherit;line-height:inherit}.elementor-widget-heading .elementor-heading-title.elementor-size-small{font-size:15px}.elementor-widget-heading .elementor-heading-title.elementor-size-medium{font-size:19px}.elementor-widget-heading .elementor-heading-title.elementor-size-large{font-size:29px}.elementor-widget-heading .elementor-heading-title.elementor-size-xl{font-size:39px}.elementor-widget-heading .elementor-heading-title.elementor-size-xxl{font-size:59px}<\/style><h1 class=\"elementor-heading-title elementor-size-default\">Blog<br>\nObrador Abantos<\/h1>\t\t<\/div>\n\t\t\t\t<\/div>\n\t\t\t\t<\/div>\n\t\t\t\t<\/div>\n\t\t<div class=\"elementor-element elementor-element-b787b7c e-con-full e-flex e-con e-parent\" data-id=\"b787b7c\" data-element_type=\"container\" data-settings=\"{&quot;background_background&quot;:&quot;classic&quot;}\">\n\t\t<div class=\"elementor-element elementor-element-8115be4 e-con-full e-flex e-con e-child\" data-id=\"8115be4\" data-element_type=\"container\">\n\t\t\t\t<div class=\"elementor-element elementor-element-fb9cf6e elementor-grid-laptop-2 elementor-grid-tablet-1 elementor-grid-3 elementor-grid-mobile-1 elementor-posts--thumbnail-top elementor-posts--show-avatar elementor-card-shadow-yes elementor-posts__hover-gradient elementor-widget elementor-widget-posts\" data-id=\"fb9cf6e\" data-element_type=\"widget\" data-settings=\"{&quot;cards_columns_laptop&quot;:&quot;2&quot;,&quot;cards_columns_tablet&quot;:&quot;1&quot;,&quot;cards_columns&quot;:&quot;3&quot;,&quot;cards_columns_mobile&quot;:&quot;1&quot;,&quot;cards_row_gap&quot;:{&quot;unit&quot;:&quot;px&quot;,&quot;size&quot;:35,&quot;sizes&quot;:[]},&quot;cards_row_gap_widescreen&quot;:{&quot;unit&quot;:&quot;px&quot;,&quot;size&quot;:&quot;&quot;,&quot;sizes&quot;:[]},&quot;cards_row_gap_laptop&quot;:{&quot;unit&quot;:&quot;px&quot;,&quot;size&quot;:&quot;&quot;,&quot;sizes&quot;:[]},&quot;cards_row_gap_tablet&quot;:{&quot;unit&quot;:&quot;px&quot;,&quot;size&quot;:&quot;&quot;,&quot;sizes&quot;:[]},&quot;cards_row_gap_mobile&quot;:{&quot;unit&quot;:&quot;px&quot;,&quot;size&quot;:&quot;&quot;,&quot;sizes&quot;:[]}}\" data-widget_type=\"posts.cards\">\n\t\t\t\t<div class=\"elementor-widget-container\">\n\t\t\t<link rel=\"stylesheet\" href=\"https:\/\/www.obradorabantos.com\/wp-content\/plugins\/elementor-pro\/assets\/css\/widget-posts.min.css?ver=1722953770\">\t\t<div class=\"elementor-posts-container elementor-posts elementor-posts--skin-cards elementor-grid\">\n\t\t\t\t<article class=\"elementor-post elementor-grid-item post-1 post type-post status-publish format-standard has-post-thumbnail hentry category-varios-panaderias-san-lorenzo\">\n\t\t\t<div class=\"elementor-post__card\">\n\t\t\t\t<a class=\"elementor-post__thumbnail__link\" href=\"https:\/\/www.obradorabantos.com\/en\/nueva-web-obrador-en-san-lorenzo-de-el-escorial\/\" tabindex=\"-1\" ><div class=\"elementor-post__thumbnail\"><img decoding=\"async\" width=\"300\" height=\"199\" src=\"https:\/\/www.obradorabantos.com\/wp-content\/uploads\/2024\/02\/obradorabantos-nosotros-banner-principal-300x199.webp\" class=\"attachment-medium size-medium wp-image-846\" alt=\"\" srcset=\"https:\/\/www.obradorabantos.com\/wp-content\/uploads\/2024\/02\/obradorabantos-nosotros-banner-principal-300x199.webp 300w, https:\/\/www.obradorabantos.com\/wp-content\/uploads\/2024\/02\/obradorabantos-nosotros-banner-principal-1024x680.webp 1024w, https:\/\/www.obradorabantos.com\/wp-content\/uploads\/2024\/02\/obradorabantos-nosotros-banner-principal-768x510.webp 768w, https:\/\/www.obradorabantos.com\/wp-content\/uploads\/2024\/02\/obradorabantos-nosotros-banner-principal-1536x1020.webp 1536w, https:\/\/www.obradorabantos.com\/wp-content\/uploads\/2024\/02\/obradorabantos-nosotros-banner-principal-18x12.webp 18w, https:\/\/www.obradorabantos.com\/wp-content\/uploads\/2024\/02\/obradorabantos-nosotros-banner-principal.webp 1966w\" sizes=\"(max-width: 300px) 100vw, 300px\" \/><\/div><\/a>\n\t\t\t\t<div class=\"elementor-post__avatar\">\n\t\t\t\t\t<\/div>\n\t\t\t\t<div class=\"elementor-post__text\">\n\t\t\t\t<h3 class=\"elementor-post__title\">\n\t\t\t<a href=\"https:\/\/www.obradorabantos.com\/en\/nueva-web-obrador-en-san-lorenzo-de-el-escorial\/\" >\n\t\t\t\tWeb Panader\u00edas San Lorenzo\t\t\t<\/a>\n\t\t<\/h3>\n\t\t\t\t<div class=\"elementor-post__excerpt\">\n\t\t\t<p>Bienvenido a la nueva p\u00e1gina web de Obrador Abantos, un lugar \u00fanico en San Lorenzo de El Escorial, a los pies del monte Abantos, donde la tradici\u00f3n panadera cobra vida<\/p>\n\t\t<\/div>\n\t\t\n\t\t<a class=\"elementor-post__read-more\" href=\"https:\/\/www.obradorabantos.com\/en\/nueva-web-obrador-en-san-lorenzo-de-el-escorial\/\" aria-label=\"Read more about Web Panader\u00edas San Lorenzo\" tabindex=\"-1\" >\n\t\t\tLeer m\u00e1s \u00bb\t\t<\/a>\n\n\t\t\t\t<\/div>\n\t\t\t\t<div class=\"elementor-post__meta-data\">\n\t\t\t\t\t<span class=\"elementor-post-date\">\n\t\t\t31 de July de 2023\t\t<\/span>\n\t\t\t\t<span class=\"elementor-post-avatar\">\n\t\t\tNo Comments\t\t<\/span>\n\t\t\t\t<\/div>\n\t\t\t\t\t<\/div>\n\t\t<\/article>\n\t\t\t\t<\/div>\n\t\t\n\t\t\t\t<\/div>\n\t\t\t\t<\/div>\n\t\t\t\t<\/div>\n\t\t\t\t<\/div>\n\t\t\t\t<\/div>","protected":false},"excerpt":{"rendered":"<p>Blog Obrador Abantos<\/p>","protected":false},"author":2,"featured_media":0,"parent":0,"menu_order":0,"comment_status":"closed","ping_status":"closed","template":"elementor_header_footer","meta":{"footnotes":""},"class_list":["post-28","page","type-page","status-publish","hentry"],"yoast_head":"<!-- This site is optimized with the Yoast SEO plugin v23.2 - https:\/\/yoast.com\/wordpress\/plugins\/seo\/ -->\n<title>Blog Panader\u00edas San Lorenzo | Obrador Abantos<\/title>\n<meta name=\"description\" content=\"\u00bfQuieres mantenerte al d\u00eda de noticias y novedades? \u00bfC\u00f3mo trabajamos y qu\u00e9 ingredientes utilizamos? Atento al Blog Panader\u00edas San Lorenzo\" \/>\n<meta name=\"robots\" content=\"index, follow, max-snippet:-1, max-image-preview:large, max-video-preview:-1\" \/>\n<link rel=\"canonical\" href=\"https:\/\/www.obradorabantos.com\/en\/blog-panaderias-san-lorenzo\/\" \/>\n<meta property=\"og:locale\" content=\"en_GB\" \/>\n<meta property=\"og:type\" content=\"article\" \/>\n<meta property=\"og:title\" content=\"Blog Panader\u00edas San Lorenzo | Obrador Abantos\" \/>\n<meta property=\"og:description\" content=\"\u00bfQuieres mantenerte al d\u00eda de noticias y novedades? \u00bfC\u00f3mo trabajamos y qu\u00e9 ingredientes utilizamos? Atento al Blog Panader\u00edas San Lorenzo\" \/>\n<meta property=\"og:url\" content=\"https:\/\/www.obradorabantos.com\/en\/blog-panaderias-san-lorenzo\/\" \/>\n<meta property=\"og:site_name\" content=\"Panader\u00edas San Lorenzo\" \/>\n<meta property=\"article:modified_time\" content=\"2024-08-08T07:43:40+00:00\" \/>\n<meta property=\"og:image\" content=\"https:\/\/www.obradorabantos.com\/wp-content\/uploads\/2024\/07\/blog-panaderias-san-lorenzo-ordenador.webp\" \/>\n<meta name=\"twitter:card\" content=\"summary_large_image\" \/>\n<meta name=\"twitter:label1\" content=\"Estimated reading time\" \/>\n\t<meta name=\"twitter:data1\" content=\"1 minute\" \/>\n<script type=\"application\/ld+json\" class=\"yoast-schema-graph\">{\"@context\":\"https:\/\/schema.org\",\"@graph\":[{\"@type\":\"WebPage\",\"@id\":\"https:\/\/www.obradorabantos.com\/blog-panaderias-san-lorenzo\/\",\"url\":\"https:\/\/www.obradorabantos.com\/blog-panaderias-san-lorenzo\/\",\"name\":\"Blog Panader\u00edas San Lorenzo | Obrador Abantos\",\"isPartOf\":{\"@id\":\"https:\/\/www.obradorabantos.com\/#website\"},\"primaryImageOfPage\":{\"@id\":\"https:\/\/www.obradorabantos.com\/blog-panaderias-san-lorenzo\/#primaryimage\"},\"image\":{\"@id\":\"https:\/\/www.obradorabantos.com\/blog-panaderias-san-lorenzo\/#primaryimage\"},\"thumbnailUrl\":\"https:\/\/www.obradorabantos.com\/wp-content\/uploads\/2024\/07\/blog-panaderias-san-lorenzo-ordenador.webp\",\"datePublished\":\"2023-09-08T18:34:51+00:00\",\"dateModified\":\"2024-08-08T07:43:40+00:00\",\"description\":\"\u00bfQuieres mantenerte al d\u00eda de noticias y novedades? \u00bfC\u00f3mo trabajamos y qu\u00e9 ingredientes utilizamos? Atento al Blog Panader\u00edas San Lorenzo\",\"breadcrumb\":{\"@id\":\"https:\/\/www.obradorabantos.com\/blog-panaderias-san-lorenzo\/#breadcrumb\"},\"inLanguage\":\"en-GB\",\"potentialAction\":[{\"@type\":\"ReadAction\",\"target\":[\"https:\/\/www.obradorabantos.com\/blog-panaderias-san-lorenzo\/\"]}]},{\"@type\":\"ImageObject\",\"inLanguage\":\"en-GB\",\"@id\":\"https:\/\/www.obradorabantos.com\/blog-panaderias-san-lorenzo\/#primaryimage\",\"url\":\"https:\/\/www.obradorabantos.com\/wp-content\/uploads\/2024\/07\/blog-panaderias-san-lorenzo-ordenador.webp\",\"contentUrl\":\"https:\/\/www.obradorabantos.com\/wp-content\/uploads\/2024\/07\/blog-panaderias-san-lorenzo-ordenador.webp\"},{\"@type\":\"BreadcrumbList\",\"@id\":\"https:\/\/www.obradorabantos.com\/blog-panaderias-san-lorenzo\/#breadcrumb\",\"itemListElement\":[{\"@type\":\"ListItem\",\"position\":1,\"name\":\"Portada\",\"item\":\"https:\/\/www.obradorabantos.com\/\"},{\"@type\":\"ListItem\",\"position\":2,\"name\":\"Blog\"}]},{\"@type\":\"WebSite\",\"@id\":\"https:\/\/www.obradorabantos.com\/#website\",\"url\":\"https:\/\/www.obradorabantos.com\/\",\"name\":\"Panader\u00edas San Lorenzo\",\"description\":\"Panader\u00edas San Lorenzo\",\"publisher\":{\"@id\":\"https:\/\/www.obradorabantos.com\/#organization\"},\"potentialAction\":[{\"@type\":\"SearchAction\",\"target\":{\"@type\":\"EntryPoint\",\"urlTemplate\":\"https:\/\/www.obradorabantos.com\/?s={search_term_string}\"},\"query-input\":\"required name=search_term_string\"}],\"inLanguage\":\"en-GB\"},{\"@type\":\"Organization\",\"@id\":\"https:\/\/www.obradorabantos.com\/#organization\",\"name\":\"Obrador San Lorenzo - Abantos\",\"alternateName\":\"Panader\u00edas San Lorenzo - Obrador Abantos\",\"url\":\"https:\/\/www.obradorabantos.com\/\",\"logo\":{\"@type\":\"ImageObject\",\"inLanguage\":\"en-GB\",\"@id\":\"https:\/\/www.obradorabantos.com\/#\/schema\/logo\/image\/\",\"url\":\"https:\/\/www.obradorabantos.com\/wp-content\/uploads\/2023\/07\/panaderias-san-lorenzo-obrador-abantos-logo-negro.webp\",\"contentUrl\":\"https:\/\/www.obradorabantos.com\/wp-content\/uploads\/2023\/07\/panaderias-san-lorenzo-obrador-abantos-logo-negro.webp\",\"width\":530,\"height\":133,\"caption\":\"Obrador San Lorenzo - Abantos\"},\"image\":{\"@id\":\"https:\/\/www.obradorabantos.com\/#\/schema\/logo\/image\/\"}}]}<\/script>\n<!-- \/ Yoast SEO plugin. -->","yoast_head_json":{"title":"Blog Panader\u00edas San Lorenzo | Obrador Abantos","description":"\u00bfQuieres mantenerte al d\u00eda de noticias y novedades? \u00bfC\u00f3mo trabajamos y qu\u00e9 ingredientes utilizamos? Atento al Blog Panader\u00edas San Lorenzo","robots":{"index":"index","follow":"follow","max-snippet":"max-snippet:-1","max-image-preview":"max-image-preview:large","max-video-preview":"max-video-preview:-1"},"canonical":"https:\/\/www.obradorabantos.com\/en\/blog-panaderias-san-lorenzo\/","og_locale":"en_GB","og_type":"article","og_title":"Blog Panader\u00edas San Lorenzo | Obrador Abantos","og_description":"\u00bfQuieres mantenerte al d\u00eda de noticias y novedades? \u00bfC\u00f3mo trabajamos y qu\u00e9 ingredientes utilizamos? Atento al Blog Panader\u00edas San Lorenzo","og_url":"https:\/\/www.obradorabantos.com\/en\/blog-panaderias-san-lorenzo\/","og_site_name":"Panader\u00edas San Lorenzo","article_modified_time":"2024-08-08T07:43:40+00:00","og_image":[{"url":"https:\/\/www.obradorabantos.com\/wp-content\/uploads\/2024\/07\/blog-panaderias-san-lorenzo-ordenador.webp"}],"twitter_card":"summary_large_image","twitter_misc":{"Estimated reading time":"1 minute"},"schema":{"@context":"https:\/\/schema.org","@graph":[{"@type":"WebPage","@id":"https:\/\/www.obradorabantos.com\/blog-panaderias-san-lorenzo\/","url":"https:\/\/www.obradorabantos.com\/blog-panaderias-san-lorenzo\/","name":"Blog Panader\u00edas San Lorenzo | Obrador Abantos","isPartOf":{"@id":"https:\/\/www.obradorabantos.com\/#website"},"primaryImageOfPage":{"@id":"https:\/\/www.obradorabantos.com\/blog-panaderias-san-lorenzo\/#primaryimage"},"image":{"@id":"https:\/\/www.obradorabantos.com\/blog-panaderias-san-lorenzo\/#primaryimage"},"thumbnailUrl":"https:\/\/www.obradorabantos.com\/wp-content\/uploads\/2024\/07\/blog-panaderias-san-lorenzo-ordenador.webp","datePublished":"2023-09-08T18:34:51+00:00","dateModified":"2024-08-08T07:43:40+00:00","description":"\u00bfQuieres mantenerte al d\u00eda de noticias y novedades? \u00bfC\u00f3mo trabajamos y qu\u00e9 ingredientes utilizamos? Atento al Blog Panader\u00edas San Lorenzo","breadcrumb":{"@id":"https:\/\/www.obradorabantos.com\/blog-panaderias-san-lorenzo\/#breadcrumb"},"inLanguage":"en-GB","potentialAction":[{"@type":"ReadAction","target":["https:\/\/www.obradorabantos.com\/blog-panaderias-san-lorenzo\/"]}]},{"@type":"ImageObject","inLanguage":"en-GB","@id":"https:\/\/www.obradorabantos.com\/blog-panaderias-san-lorenzo\/#primaryimage","url":"https:\/\/www.obradorabantos.com\/wp-content\/uploads\/2024\/07\/blog-panaderias-san-lorenzo-ordenador.webp","contentUrl":"https:\/\/www.obradorabantos.com\/wp-content\/uploads\/2024\/07\/blog-panaderias-san-lorenzo-ordenador.webp"},{"@type":"BreadcrumbList","@id":"https:\/\/www.obradorabantos.com\/blog-panaderias-san-lorenzo\/#breadcrumb","itemListElement":[{"@type":"ListItem","position":1,"name":"Portada","item":"https:\/\/www.obradorabantos.com\/"},{"@type":"ListItem","position":2,"name":"Blog"}]},{"@type":"WebSite","@id":"https:\/\/www.obradorabantos.com\/#website","url":"https:\/\/www.obradorabantos.com\/","name":"Panader\u00edas San Lorenzo","description":"Panader\u00edas San Lorenzo","publisher":{"@id":"https:\/\/www.obradorabantos.com\/#organization"},"potentialAction":[{"@type":"SearchAction","target":{"@type":"EntryPoint","urlTemplate":"https:\/\/www.obradorabantos.com\/?s={search_term_string}"},"query-input":"required name=search_term_string"}],"inLanguage":"en-GB"},{"@type":"Organization","@id":"https:\/\/www.obradorabantos.com\/#organization","name":"Obrador San Lorenzo - Abantos","alternateName":"Panader\u00edas San Lorenzo - Obrador Abantos","url":"https:\/\/www.obradorabantos.com\/","logo":{"@type":"ImageObject","inLanguage":"en-GB","@id":"https:\/\/www.obradorabantos.com\/#\/schema\/logo\/image\/","url":"https:\/\/www.obradorabantos.com\/wp-content\/uploads\/2023\/07\/panaderias-san-lorenzo-obrador-abantos-logo-negro.webp","contentUrl":"https:\/\/www.obradorabantos.com\/wp-content\/uploads\/2023\/07\/panaderias-san-lorenzo-obrador-abantos-logo-negro.webp","width":530,"height":133,"caption":"Obrador San Lorenzo - Abantos"},"image":{"@id":"https:\/\/www.obradorabantos.com\/#\/schema\/logo\/image\/"}}]}},"_links":{"self":[{"href":"https:\/\/www.obradorabantos.com\/en\/wp-json\/wp\/v2\/pages\/28","targetHints":{"allow":["GET"]}}],"collection":[{"href":"https:\/\/www.obradorabantos.com\/en\/wp-json\/wp\/v2\/pages"}],"about":[{"href":"https:\/\/www.obradorabantos.com\/en\/wp-json\/wp\/v2\/types\/page"}],"author":[{"embeddable":true,"href":"https:\/\/www.obradorabantos.com\/en\/wp-json\/wp\/v2\/users\/2"}],"replies":[{"embeddable":true,"href":"https:\/\/www.obradorabantos.com\/en\/wp-json\/wp\/v2\/comments?post=28"}],"version-history":[{"count":25,"href":"https:\/\/www.obradorabantos.com\/en\/wp-json\/wp\/v2\/pages\/28\/revisions"}],"predecessor-version":[{"id":2249,"href":"https:\/\/www.obradorabantos.com\/en\/wp-json\/wp\/v2\/pages\/28\/revisions\/2249"}],"wp:attachment":[{"href":"https:\/\/www.obradorabantos.com\/en\/wp-json\/wp\/v2\/media?parent=28"}],"curies":[{"name":"wp","href":"https:\/\/api.w.org\/{rel}","templated":true}]}}